{"id":4687,"date":"2024-07-02T10:04:17","date_gmt":"2024-07-02T10:04:17","guid":{"rendered":"https:\/\/dcr.com.pl\/?page_id=4687"},"modified":"2024-07-02T10:06:56","modified_gmt":"2024-07-02T10:06:56","slug":"informacje-dla-akcjonariuszy","status":"publish","type":"page","link":"https:\/\/dcr.com.pl\/en\/informacje-dla-akcjonariuszy\/","title":{"rendered":"Informacje dla akcjonariuszy"},"content":{"rendered":"<p>[et_pb_section fb_built=&#8221;1&#8243; _builder_version=&#8221;4.25.2&#8243; _module_preset=&#8221;default&#8221; da_disable_devices=&#8221;off|off|off&#8221; global_colors_info=&#8221;{}&#8221; da_is_popup=&#8221;off&#8221; da_exit_intent=&#8221;off&#8221; da_has_close=&#8221;on&#8221; da_alt_close=&#8221;off&#8221; da_dark_close=&#8221;off&#8221; da_not_modal=&#8221;on&#8221; da_is_singular=&#8221;off&#8221; da_with_loader=&#8221;off&#8221; da_has_shadow=&#8221;on&#8221;][et_pb_row _builder_version=&#8221;4.25.2&#8243; _module_preset=&#8221;default&#8221; global_colors_info=&#8221;{}&#8221;][et_pb_column type=&#8221;4_4&#8243; _builder_version=&#8221;4.25.2&#8243; _module_preset=&#8221;default&#8221; global_colors_info=&#8221;{}&#8221;][et_pb_heading title=&#8221;Informacje dla Akcjonariuszy DCR Sp\u00f3\u0142ka Akcyjna&#8221; _builder_version=&#8221;4.25.2&#8243; _module_preset=&#8221;default&#8221; title_font=&#8221;|600||on|||||&#8221; title_text_align=&#8221;center&#8221; hover_enabled=&#8221;0&#8243; global_colors_info=&#8221;{}&#8221; sticky_enabled=&#8221;0&#8243;][\/et_pb_heading][\/et_pb_column][\/et_pb_row][et_pb_row _builder_version=&#8221;4.25.2&#8243; _module_preset=&#8221;default&#8221; border_width_bottom=&#8221;1px&#8221; border_color_bottom=&#8221;#8F8F8F&#8221; global_colors_info=&#8221;{}&#8221;][et_pb_column type=&#8221;4_4&#8243; _builder_version=&#8221;4.25.2&#8243; _module_preset=&#8221;default&#8221; global_colors_info=&#8221;{}&#8221;][et_pb_heading title=&#8221;DCR Sp\u00f3\u0142k\u0105 Akcyjn\u0105 od 1\/07\/2024 r.&#8221; _builder_version=&#8221;4.25.2&#8243; _module_preset=&#8221;default&#8221; title_font=&#8221;|600|||||||&#8221; title_font_size=&#8221;23px&#8221; global_colors_info=&#8221;{}&#8221;][\/et_pb_heading][et_pb_button button_url=&#8221;https:\/\/dcr.com.pl\/wp-content\/uploads\/2024\/07\/Odpis_Aktualny_KRS_0001113502.pdf&#8221; url_new_window=&#8221;on&#8221; button_text=&#8221;Odpis KRS&#8221; _builder_version=&#8221;4.25.2&#8243; _module_preset=&#8221;default&#8221; global_colors_info=&#8221;{}&#8221;][\/et_pb_button][\/et_pb_column][\/et_pb_row][\/et_pb_section]<\/p>\n","protected":false},"excerpt":{"rendered":"","protected":false},"author":1,"featured_media":0,"parent":0,"menu_order":0,"comment_status":"closed","ping_status":"closed","template":"","meta":{"_et_pb_use_builder":"on","_et_pb_old_content":"","_et_gb_content_width":"","_monsterinsights_skip_tracking":false,"_monsterinsights_sitenote_active":false,"_monsterinsights_sitenote_note":"","_monsterinsights_sitenote_category":0,"footnotes":""},"class_list":["post-4687","page","type-page","status-publish","hentry"],"yoast_head":"<!-- This site is optimized with the Yoast SEO plugin v27.4 - https:\/\/yoast.com\/product\/yoast-seo-wordpress\/ -->\n<title>Informacje dla akcjonariuszy - DCR<\/title>\n<meta name=\"description\" content=\"Informacje dla akcjonariuszy DCR\" \/>\n<meta name=\"robots\" content=\"index, follow, max-snippet:-1, max-image-preview:large, max-video-preview:-1\" \/>\n<link rel=\"canonical\" href=\"https:\/\/dcr.com.pl\/en\/informacje-dla-akcjonariuszy\/\" \/>\n<meta property=\"og:locale\" content=\"en_US\" \/>\n<meta property=\"og:type\" content=\"article\" \/>\n<meta property=\"og:title\" content=\"Informacje dla akcjonariuszy - DCR\" \/>\n<meta property=\"og:description\" content=\"Informacje dla akcjonariuszy DCR\" \/>\n<meta property=\"og:url\" content=\"https:\/\/dcr.com.pl\/en\/informacje-dla-akcjonariuszy\/\" \/>\n<meta property=\"og:site_name\" content=\"DCR\" \/>\n<meta property=\"article:modified_time\" content=\"2024-07-02T10:06:56+00:00\" \/>\n<meta property=\"og:image\" content=\"https:\/\/dcr.com.pl\/wp-content\/uploads\/2022\/07\/logo_DCR_CMYK.png\" \/>\n\t<meta property=\"og:image:width\" content=\"333\" \/>\n\t<meta property=\"og:image:height\" content=\"115\" \/>\n\t<meta property=\"og:image:type\" content=\"image\/png\" \/>\n<meta name=\"twitter:card\" content=\"summary_large_image\" \/>\n<meta name=\"twitter:label1\" content=\"Est. reading time\" \/>\n\t<meta name=\"twitter:data1\" content=\"1 minute\" \/>\n<script type=\"application\/ld+json\" class=\"yoast-schema-graph\">{\"@context\":\"https:\\\/\\\/schema.org\",\"@graph\":[{\"@type\":\"WebPage\",\"@id\":\"https:\\\/\\\/dcr.com.pl\\\/en\\\/informacje-dla-akcjonariuszy\\\/\",\"url\":\"https:\\\/\\\/dcr.com.pl\\\/en\\\/informacje-dla-akcjonariuszy\\\/\",\"name\":\"Informacje dla akcjonariuszy - DCR\",\"isPartOf\":{\"@id\":\"https:\\\/\\\/dcr.com.pl\\\/en\\\/#website\"},\"datePublished\":\"2024-07-02T10:04:17+00:00\",\"dateModified\":\"2024-07-02T10:06:56+00:00\",\"description\":\"Informacje dla akcjonariuszy DCR\",\"breadcrumb\":{\"@id\":\"https:\\\/\\\/dcr.com.pl\\\/en\\\/informacje-dla-akcjonariuszy\\\/#breadcrumb\"},\"inLanguage\":\"en-US\",\"potentialAction\":[{\"@type\":\"ReadAction\",\"target\":[\"https:\\\/\\\/dcr.com.pl\\\/en\\\/informacje-dla-akcjonariuszy\\\/\"]}]},{\"@type\":\"BreadcrumbList\",\"@id\":\"https:\\\/\\\/dcr.com.pl\\\/en\\\/informacje-dla-akcjonariuszy\\\/#breadcrumb\",\"itemListElement\":[{\"@type\":\"ListItem\",\"position\":1,\"name\":\"Home\",\"item\":\"https:\\\/\\\/dcr.com.pl\\\/en\\\/\"},{\"@type\":\"ListItem\",\"position\":2,\"name\":\"Informacje dla akcjonariuszy\"}]},{\"@type\":\"WebSite\",\"@id\":\"https:\\\/\\\/dcr.com.pl\\\/en\\\/#website\",\"url\":\"https:\\\/\\\/dcr.com.pl\\\/en\\\/\",\"name\":\"DCR S.A.\",\"description\":\"nowoczesny recykling\",\"publisher\":{\"@id\":\"https:\\\/\\\/dcr.com.pl\\\/en\\\/#organization\"},\"alternateName\":\"DCR\",\"potentialAction\":[{\"@type\":\"SearchAction\",\"target\":{\"@type\":\"EntryPoint\",\"urlTemplate\":\"https:\\\/\\\/dcr.com.pl\\\/en\\\/?s={search_term_string}\"},\"query-input\":{\"@type\":\"PropertyValueSpecification\",\"valueRequired\":true,\"valueName\":\"search_term_string\"}}],\"inLanguage\":\"en-US\"},{\"@type\":\"Organization\",\"@id\":\"https:\\\/\\\/dcr.com.pl\\\/en\\\/#organization\",\"name\":\"DCR S.A.\",\"alternateName\":\"DCR\",\"url\":\"https:\\\/\\\/dcr.com.pl\\\/en\\\/\",\"logo\":{\"@type\":\"ImageObject\",\"inLanguage\":\"en-US\",\"@id\":\"https:\\\/\\\/dcr.com.pl\\\/en\\\/#\\\/schema\\\/logo\\\/image\\\/\",\"url\":\"https:\\\/\\\/dcr.com.pl\\\/wp-content\\\/uploads\\\/2018\\\/01\\\/logo_DCR_CMYK_retina.png\",\"contentUrl\":\"https:\\\/\\\/dcr.com.pl\\\/wp-content\\\/uploads\\\/2018\\\/01\\\/logo_DCR_CMYK_retina.png\",\"width\":665,\"height\":230,\"caption\":\"DCR S.A.\"},\"image\":{\"@id\":\"https:\\\/\\\/dcr.com.pl\\\/en\\\/#\\\/schema\\\/logo\\\/image\\\/\"}}]}<\/script>\n<!-- \/ Yoast SEO plugin. -->","yoast_head_json":{"title":"Informacje dla akcjonariuszy - DCR","description":"Informacje dla akcjonariuszy DCR","robots":{"index":"index","follow":"follow","max-snippet":"max-snippet:-1","max-image-preview":"max-image-preview:large","max-video-preview":"max-video-preview:-1"},"canonical":"https:\/\/dcr.com.pl\/en\/informacje-dla-akcjonariuszy\/","og_locale":"en_US","og_type":"article","og_title":"Informacje dla akcjonariuszy - DCR","og_description":"Informacje dla akcjonariuszy DCR","og_url":"https:\/\/dcr.com.pl\/en\/informacje-dla-akcjonariuszy\/","og_site_name":"DCR","article_modified_time":"2024-07-02T10:06:56+00:00","og_image":[{"width":333,"height":115,"url":"https:\/\/dcr.com.pl\/wp-content\/uploads\/2022\/07\/logo_DCR_CMYK.png","type":"image\/png"}],"twitter_card":"summary_large_image","twitter_misc":{"Est. reading time":"1 minute"},"schema":{"@context":"https:\/\/schema.org","@graph":[{"@type":"WebPage","@id":"https:\/\/dcr.com.pl\/en\/informacje-dla-akcjonariuszy\/","url":"https:\/\/dcr.com.pl\/en\/informacje-dla-akcjonariuszy\/","name":"Informacje dla akcjonariuszy - DCR","isPartOf":{"@id":"https:\/\/dcr.com.pl\/en\/#website"},"datePublished":"2024-07-02T10:04:17+00:00","dateModified":"2024-07-02T10:06:56+00:00","description":"Informacje dla akcjonariuszy DCR","breadcrumb":{"@id":"https:\/\/dcr.com.pl\/en\/informacje-dla-akcjonariuszy\/#breadcrumb"},"inLanguage":"en-US","potentialAction":[{"@type":"ReadAction","target":["https:\/\/dcr.com.pl\/en\/informacje-dla-akcjonariuszy\/"]}]},{"@type":"BreadcrumbList","@id":"https:\/\/dcr.com.pl\/en\/informacje-dla-akcjonariuszy\/#breadcrumb","itemListElement":[{"@type":"ListItem","position":1,"name":"Home","item":"https:\/\/dcr.com.pl\/en\/"},{"@type":"ListItem","position":2,"name":"Informacje dla akcjonariuszy"}]},{"@type":"WebSite","@id":"https:\/\/dcr.com.pl\/en\/#website","url":"https:\/\/dcr.com.pl\/en\/","name":"DCR S.A.","description":"nowoczesny recykling","publisher":{"@id":"https:\/\/dcr.com.pl\/en\/#organization"},"alternateName":"DCR","potentialAction":[{"@type":"SearchAction","target":{"@type":"EntryPoint","urlTemplate":"https:\/\/dcr.com.pl\/en\/?s={search_term_string}"},"query-input":{"@type":"PropertyValueSpecification","valueRequired":true,"valueName":"search_term_string"}}],"inLanguage":"en-US"},{"@type":"Organization","@id":"https:\/\/dcr.com.pl\/en\/#organization","name":"DCR S.A.","alternateName":"DCR","url":"https:\/\/dcr.com.pl\/en\/","logo":{"@type":"ImageObject","inLanguage":"en-US","@id":"https:\/\/dcr.com.pl\/en\/#\/schema\/logo\/image\/","url":"https:\/\/dcr.com.pl\/wp-content\/uploads\/2018\/01\/logo_DCR_CMYK_retina.png","contentUrl":"https:\/\/dcr.com.pl\/wp-content\/uploads\/2018\/01\/logo_DCR_CMYK_retina.png","width":665,"height":230,"caption":"DCR S.A."},"image":{"@id":"https:\/\/dcr.com.pl\/en\/#\/schema\/logo\/image\/"}}]}},"_links":{"self":[{"href":"https:\/\/dcr.com.pl\/en\/wp-json\/wp\/v2\/pages\/4687","targetHints":{"allow":["GET"]}}],"collection":[{"href":"https:\/\/dcr.com.pl\/en\/wp-json\/wp\/v2\/pages"}],"about":[{"href":"https:\/\/dcr.com.pl\/en\/wp-json\/wp\/v2\/types\/page"}],"author":[{"embeddable":true,"href":"https:\/\/dcr.com.pl\/en\/wp-json\/wp\/v2\/users\/1"}],"replies":[{"embeddable":true,"href":"https:\/\/dcr.com.pl\/en\/wp-json\/wp\/v2\/comments?post=4687"}],"version-history":[{"count":4,"href":"https:\/\/dcr.com.pl\/en\/wp-json\/wp\/v2\/pages\/4687\/revisions"}],"predecessor-version":[{"id":4696,"href":"https:\/\/dcr.com.pl\/en\/wp-json\/wp\/v2\/pages\/4687\/revisions\/4696"}],"wp:attachment":[{"href":"https:\/\/dcr.com.pl\/en\/wp-json\/wp\/v2\/media?parent=4687"}],"curies":[{"name":"wp","href":"https:\/\/api.w.org\/{rel}","templated":true}]}}