{"id":4012,"date":"2022-04-20T12:23:05","date_gmt":"2022-04-20T12:23:05","guid":{"rendered":"https:\/\/dcr.com.pl\/recycled-hdpe-resin\/"},"modified":"2022-07-28T08:54:13","modified_gmt":"2022-07-28T08:54:13","slug":"recycled-hdpe-resin","status":"publish","type":"page","link":"https:\/\/dcr.com.pl\/en\/recycled-hdpe-resin\/","title":{"rendered":"Recycled HDPE resin"},"content":{"rendered":"<p>[et_pb_section fb_built=&#8221;1&#8243; _builder_version=&#8221;4.17.4&#8243; _module_preset=&#8221;default&#8221; custom_padding=&#8221;0px||0px||true|false&#8221; da_disable_devices=&#8221;off|off|off&#8221; global_colors_info=&#8221;{}&#8221; da_is_popup=&#8221;off&#8221; da_exit_intent=&#8221;off&#8221; da_has_close=&#8221;on&#8221; da_alt_close=&#8221;off&#8221; da_dark_close=&#8221;off&#8221; da_not_modal=&#8221;on&#8221; da_is_singular=&#8221;off&#8221; da_with_loader=&#8221;off&#8221; da_has_shadow=&#8221;on&#8221;][et_pb_row _builder_version=&#8221;4.17.4&#8243; _module_preset=&#8221;default&#8221; background_enable_color=&#8221;off&#8221; use_background_color_gradient=&#8221;on&#8221; background_color_gradient_stops=&#8221;rgba(0,0,0,0.28) 0%|rgba(0,0,0,0.28) 99%&#8221; background_color_gradient_overlays_image=&#8221;on&#8221; background_image=&#8221;https:\/\/dcr.com.pl\/wp-content\/uploads\/2022\/04\/REGRANULAT-HDPE-DCR.jpg&#8221; width=&#8221;100%&#8221; max_width=&#8221;100%&#8221; custom_padding=&#8221;10%|1%|10%|1%|true|true&#8221; global_colors_info=&#8221;{}&#8221;][et_pb_column type=&#8221;4_4&#8243; _builder_version=&#8221;4.17.4&#8243; _module_preset=&#8221;default&#8221; global_colors_info=&#8221;{}&#8221;][et_pb_text _builder_version=&#8221;4.17.4&#8243; _module_preset=&#8221;default&#8221; header_font=&#8221;|700|||||||&#8221; header_text_color=&#8221;#FFFFFF&#8221; header_font_size=&#8221;5em&#8221; header_line_height=&#8221;1.3em&#8221; header_2_text_color=&#8221;#FFFFFF&#8221; header_2_font_size=&#8221;3em&#8221; width=&#8221;70%&#8221; module_alignment=&#8221;center&#8221; header_text_shadow_style=&#8221;preset1&#8243; header_text_shadow_vertical_length=&#8221;0.07em&#8221; global_colors_info=&#8221;{}&#8221;]<\/p>\n<h1>Production of<\/h1>\n<p>&nbsp;<\/p>\n<h2>recycled HDPE resin<\/h2>\n<p>[\/et_pb_text][\/et_pb_column][\/et_pb_row][\/et_pb_section][et_pb_section fb_built=&#8221;1&#8243; _builder_version=&#8221;4.17.1&#8243; _module_preset=&#8221;default&#8221; custom_padding=&#8221;25px||||false|false&#8221; da_disable_devices=&#8221;off|off|off&#8221; global_colors_info=&#8221;{}&#8221; da_is_popup=&#8221;off&#8221; da_exit_intent=&#8221;off&#8221; da_has_close=&#8221;on&#8221; da_alt_close=&#8221;off&#8221; da_dark_close=&#8221;off&#8221; da_not_modal=&#8221;on&#8221; da_is_singular=&#8221;off&#8221; da_with_loader=&#8221;off&#8221; da_has_shadow=&#8221;on&#8221;][et_pb_row _builder_version=&#8221;4.17.1&#8243; _module_preset=&#8221;default&#8221; global_colors_info=&#8221;{}&#8221;][et_pb_column type=&#8221;4_4&#8243; _builder_version=&#8221;4.17.1&#8243; _module_preset=&#8221;default&#8221; global_colors_info=&#8221;{}&#8221;][et_pb_text _builder_version=&#8221;4.17.1&#8243; _module_preset=&#8221;default&#8221; header_line_height=&#8221;1.3em&#8221; header_2_font_size=&#8221;2.7em&#8221; header_2_line_height=&#8221;1.2em&#8221; background_color=&#8221;#f9f9f9&#8243; custom_padding=&#8221;2%|1%|1%|1%|false|true&#8221; global_colors_info=&#8221;{}&#8221;]<\/p>\n<h2 style=\"text-align: center;\">Our offer includes very high-quality regrind and recycled HDPE resin from processed packaging waste.<\/h2>\n<p>[\/et_pb_text][\/et_pb_column][\/et_pb_row][\/et_pb_section][et_pb_section fb_built=&#8221;1&#8243; _builder_version=&#8221;4.17.1&#8243; _module_preset=&#8221;default&#8221; custom_padding=&#8221;0px||||false|false&#8221; da_disable_devices=&#8221;off|off|off&#8221; global_colors_info=&#8221;{}&#8221; da_is_popup=&#8221;off&#8221; da_exit_intent=&#8221;off&#8221; da_has_close=&#8221;on&#8221; da_alt_close=&#8221;off&#8221; da_dark_close=&#8221;off&#8221; da_not_modal=&#8221;on&#8221; da_is_singular=&#8221;off&#8221; da_with_loader=&#8221;off&#8221; da_has_shadow=&#8221;on&#8221;][et_pb_row column_structure=&#8221;2_5,3_5&#8243; make_equal=&#8221;on&#8221; _builder_version=&#8221;4.17.1&#8243; _module_preset=&#8221;default&#8221; global_colors_info=&#8221;{}&#8221;][et_pb_column type=&#8221;2_5&#8243; _builder_version=&#8221;4.17.1&#8243; _module_preset=&#8221;default&#8221; global_colors_info=&#8221;{}&#8221;][et_pb_image src=&#8221;https:\/\/dcr.com.pl\/wp-content\/uploads\/2016\/03\/produkcja-granulatu.jpg&#8221; alt=&#8221;Production of recycled HDPE resin&#8221; title_text=&#8221;Production of recycled HDPE resin&#8221; _builder_version=&#8221;4.17.1&#8243; _module_preset=&#8221;default&#8221; global_colors_info=&#8221;{}&#8221;][\/et_pb_image][\/et_pb_column][et_pb_column type=&#8221;3_5&#8243; _builder_version=&#8221;4.17.1&#8243; _module_preset=&#8221;default&#8221; global_colors_info=&#8221;{}&#8221;][et_pb_text _builder_version=&#8221;4.17.1&#8243; _module_preset=&#8221;default&#8221; header_2_line_height=&#8221;1.3em&#8221; custom_padding=&#8221;5%||||false|false&#8221; global_colors_info=&#8221;{}&#8221;]<\/p>\n<h2>Raw material quality + technology + quality control = high quality of our recycled HDPE\/PP resins.<\/h2>\n<p>[\/et_pb_text][et_pb_text _builder_version=&#8221;4.17.6&#8243; _module_preset=&#8221;default&#8221; global_colors_info=&#8221;{}&#8221;]<\/p>\n<ul>\n<li style=\"list-style-type: none;\">\n<ul>\n<li>Recycled HDPE resins can be used in blow moulding, extrusion moulding, and injection moulding.<\/li>\n<li>The recycled HDPE resin is made from drums and canisters that were made from quality primary raw materials.<\/li>\n<li>The production process involves degassing and filtration, yielding a recycled HDPE resin of very high quality.<\/li>\n<li>The material cleaning process takes advantage of a closed water flow system, which makes our product and our operations more environmentally friendly.<\/li>\n<li>Our recycled HDPE resins production department operates a laboratory where the properties of out raw material, intermediary products, and ready products are tested.<\/li>\n<\/ul>\n<\/li>\n<\/ul>\n<p>[\/et_pb_text][\/et_pb_column][\/et_pb_row][et_pb_row column_structure=&#8221;2_5,3_5&#8243; make_equal=&#8221;on&#8221; _builder_version=&#8221;4.17.1&#8243; _module_preset=&#8221;default&#8221; global_colors_info=&#8221;{}&#8221;][et_pb_column type=&#8221;2_5&#8243; _builder_version=&#8221;4.17.1&#8243; _module_preset=&#8221;default&#8221; global_colors_info=&#8221;{}&#8221;][et_pb_image src=&#8221;https:\/\/dcr.com.pl\/wp-content\/uploads\/2016\/03\/laboratorium-1.jpg&#8221; alt=&#8221;laboratory&#8221; title_text=&#8221;laboratory&#8221; _builder_version=&#8221;4.17.1&#8243; _module_preset=&#8221;default&#8221; global_colors_info=&#8221;{}&#8221;][\/et_pb_image][\/et_pb_column][et_pb_column type=&#8221;3_5&#8243; _builder_version=&#8221;4.17.1&#8243; _module_preset=&#8221;default&#8221; global_colors_info=&#8221;{}&#8221;][et_pb_text _builder_version=&#8221;4.17.1&#8243; _module_preset=&#8221;default&#8221; header_2_line_height=&#8221;1.3em&#8221; custom_padding=&#8221;5%||||false|false&#8221; global_colors_info=&#8221;{}&#8221;]<\/p>\n<h2>Recycled HDPE resins<\/h2>\n<p>[\/et_pb_text][et_pb_text _builder_version=&#8221;4.17.1&#8243; _module_preset=&#8221;default&#8221; global_colors_info=&#8221;{}&#8221;]<\/p>\n<ul>\n<li>Before the raw material is accepted, it undergoes MFR, humidity and initial moulding testing.<\/li>\n<li>The technology we employ allows us to create proprietary regrind formulae, which in turn makes it possible to modify the MFR.<\/li>\n<\/ul>\n<p>[\/et_pb_text][et_pb_text _builder_version=&#8221;4.17.1&#8243; _module_preset=&#8221;default&#8221; header_2_line_height=&#8221;1.3em&#8221; custom_padding=&#8221;5%||||false|false&#8221; global_colors_info=&#8221;{}&#8221;]<\/p>\n<h2>The following tests are concluded before the product is delivered to the customer:<\/h2>\n<p>[\/et_pb_text][et_pb_text _builder_version=&#8221;4.17.1&#8243; _module_preset=&#8221;default&#8221; global_colors_info=&#8221;{}&#8221;]<\/p>\n<ul>\n<li>moisture content in product mass<\/li>\n<li>MFR according to ISO 1133 thickness specs. according to ISO 1183<\/li>\n<\/ul>\n<p>[\/et_pb_text][\/et_pb_column][\/et_pb_row][\/et_pb_section][et_pb_section fb_built=&#8221;1&#8243; _builder_version=&#8221;4.17.1&#8243; _module_preset=&#8221;default&#8221; custom_padding=&#8221;0px||||false|false&#8221; da_disable_devices=&#8221;off|off|off&#8221; global_colors_info=&#8221;{}&#8221; da_is_popup=&#8221;off&#8221; da_exit_intent=&#8221;off&#8221; da_has_close=&#8221;on&#8221; da_alt_close=&#8221;off&#8221; da_dark_close=&#8221;off&#8221; da_not_modal=&#8221;on&#8221; da_is_singular=&#8221;off&#8221; da_with_loader=&#8221;off&#8221; da_has_shadow=&#8221;on&#8221;][et_pb_row _builder_version=&#8221;4.17.1&#8243; _module_preset=&#8221;default&#8221; global_colors_info=&#8221;{}&#8221;][et_pb_column type=&#8221;4_4&#8243; _builder_version=&#8221;4.17.1&#8243; _module_preset=&#8221;default&#8221; global_colors_info=&#8221;{}&#8221;][et_pb_video src=&#8221;https:\/\/youtu.be\/6kGEoUzUeTM&#8221; _builder_version=&#8221;4.17.4&#8243; _module_preset=&#8221;default&#8221; module_alignment=&#8221;center&#8221; global_colors_info=&#8221;{}&#8221;][\/et_pb_video][\/et_pb_column][\/et_pb_row][\/et_pb_section][et_pb_section fb_built=&#8221;1&#8243; _builder_version=&#8221;4.17.1&#8243; _module_preset=&#8221;default&#8221; background_color=&#8221;#f9f9f9&#8243; da_disable_devices=&#8221;off|off|off&#8221; global_colors_info=&#8221;{}&#8221; da_is_popup=&#8221;off&#8221; da_exit_intent=&#8221;off&#8221; da_has_close=&#8221;on&#8221; da_alt_close=&#8221;off&#8221; da_dark_close=&#8221;off&#8221; da_not_modal=&#8221;on&#8221; da_is_singular=&#8221;off&#8221; da_with_loader=&#8221;off&#8221; da_has_shadow=&#8221;on&#8221;][et_pb_row _builder_version=&#8221;4.17.1&#8243; _module_preset=&#8221;default&#8221; global_colors_info=&#8221;{}&#8221;][et_pb_column type=&#8221;4_4&#8243; _builder_version=&#8221;4.17.1&#8243; _module_preset=&#8221;default&#8221; global_colors_info=&#8221;{}&#8221;][et_pb_text _builder_version=&#8221;4.17.1&#8243; _module_preset=&#8221;default&#8221; global_colors_info=&#8221;{}&#8221;]<\/p>\n<p style=\"text-align: center;\">The project is co-financed by the European Union from the European Regional Development Fund and the state budget<\/p>\n<p>[\/et_pb_text][et_pb_text _builder_version=&#8221;4.17.1&#8243; _module_preset=&#8221;default&#8221; text_font_size=&#8221;17px&#8221; background_color=&#8221;#AADB24&#8243; custom_padding=&#8221;2%||2%||true|false&#8221; global_colors_info=&#8221;{}&#8221;]<\/p>\n<p style=\"text-align: center;\"><strong><span style=\"color: #ffffff;\">Increase of competitiveness and innovation DCR Sp. z o.o. through the use of new technological solutions and the introduction of a new product, project number WND-RPLD.03.02.00-00-053 \/ 12<\/span><\/strong><\/p>\n<p>[\/et_pb_text][et_pb_text _builder_version=&#8221;4.17.1&#8243; _module_preset=&#8221;default&#8221; global_colors_info=&#8221;{}&#8221;]<\/p>\n<h3 style=\"text-align: center;\"><em>European Funds for the development of the \u0141\u00f3d\u017a region<\/em><\/h3>\n<p>[\/et_pb_text][et_pb_image src=&#8221;https:\/\/dcr.com.pl\/wp-content\/uploads\/2021\/04\/progeam-regionalny-narodowa-strategia-spojnosci-DCR-1.jpg&#8221; alt=&#8221;regional-program-national-DCR-cohesion-strategy&#8221; title_text=&#8221;regional-program-national-cohesion-strategy-DCR&#8221; _builder_version=&#8221;4.17.1&#8243; _module_preset=&#8221;default&#8221; global_colors_info=&#8221;{}&#8221;][\/et_pb_image][\/et_pb_column][\/et_pb_row][et_pb_row _builder_version=&#8221;4.17.1&#8243; _module_preset=&#8221;default&#8221; global_colors_info=&#8221;{}&#8221;][et_pb_column type=&#8221;4_4&#8243; _builder_version=&#8221;4.17.1&#8243; _module_preset=&#8221;default&#8221; global_colors_info=&#8221;{}&#8221;][et_pb_text _builder_version=&#8221;4.17.1&#8243; _module_preset=&#8221;default&#8221; header_4_font_size=&#8221;2em&#8221; global_colors_info=&#8221;{}&#8221;]<\/p>\n<h4 style=\"text-align: center;\">See other products from our offer<\/h4>\n<p>[\/et_pb_text][\/et_pb_column][\/et_pb_row][et_pb_row column_structure=&#8221;1_3,1_3,1_3&#8243; _builder_version=&#8221;4.17.1&#8243; _module_preset=&#8221;default&#8221; width=&#8221;60%&#8221; global_colors_info=&#8221;{}&#8221;][et_pb_column type=&#8221;1_3&#8243; _builder_version=&#8221;4.17.1&#8243; _module_preset=&#8221;default&#8221; background_color=&#8221;#9ecc22&#8243; global_colors_info=&#8221;{}&#8221;][et_pb_button button_url=&#8221;https:\/\/dcr.com.pl\/en\/steel-drums\/&#8221; button_text=&#8221;Steel drums&#8221; button_alignment=&#8221;center&#8221; _builder_version=&#8221;4.17.6&#8243; _module_preset=&#8221;default&#8221; custom_button=&#8221;on&#8221; button_text_color=&#8221;#FFFFFF&#8221; button_bg_color=&#8221;#9ECC22&#8243; button_border_width=&#8221;0px&#8221; custom_padding=&#8221;3%|9%|3%|9%|true|true&#8221; hover_enabled=&#8221;0&#8243; global_colors_info=&#8221;{}&#8221; sticky_enabled=&#8221;0&#8243;][\/et_pb_button][\/et_pb_column][et_pb_column type=&#8221;1_3&#8243; _builder_version=&#8221;4.17.1&#8243; _module_preset=&#8221;default&#8221; background_color=&#8221;#9ecc22&#8243; global_colors_info=&#8221;{}&#8221;][et_pb_button button_url=&#8221;https:\/\/dcr.com.pl\/en\/ibc-pallet-containers\/&#8221; button_text=&#8221;IBCs&#8221; button_alignment=&#8221;center&#8221; _builder_version=&#8221;4.17.6&#8243; _module_preset=&#8221;default&#8221; custom_button=&#8221;on&#8221; button_text_color=&#8221;#FFFFFF&#8221; button_bg_color=&#8221;#9ECC22&#8243; button_border_width=&#8221;0px&#8221; custom_padding=&#8221;3%|9%|3%|9%|true|true&#8221; hover_enabled=&#8221;0&#8243; global_colors_info=&#8221;{}&#8221; sticky_enabled=&#8221;0&#8243;][\/et_pb_button][\/et_pb_column][et_pb_column type=&#8221;1_3&#8243; _builder_version=&#8221;4.17.1&#8243; _module_preset=&#8221;default&#8221; background_color=&#8221;#9ecc22&#8243; global_colors_info=&#8221;{}&#8221;][et_pb_button button_url=&#8221;https:\/\/dcr.com.pl\/en\/plastic-drums-plastic-drum-220l\/&#8221; button_text=&#8221;Plastic drums&#8221; button_alignment=&#8221;center&#8221; _builder_version=&#8221;4.17.6&#8243; _module_preset=&#8221;default&#8221; custom_button=&#8221;on&#8221; button_text_color=&#8221;#FFFFFF&#8221; button_bg_color=&#8221;#9ECC22&#8243; button_border_width=&#8221;0px&#8221; custom_padding=&#8221;3%|9%|3%|9%|true|true&#8221; hover_enabled=&#8221;0&#8243; global_colors_info=&#8221;{}&#8221; sticky_enabled=&#8221;0&#8243;][\/et_pb_button][\/et_pb_column][\/et_pb_row][\/et_pb_section]<\/p>\n","protected":false},"excerpt":{"rendered":"<p>Production of &nbsp; recycled HDPE resinOur offer includes very high-quality regrind and recycled HDPE resin from processed packaging waste.Raw material quality + technology + quality control = high quality of our recycled HDPE\/PP resins. Recycled HDPE resins can be used in blow moulding, extrusion moulding, and injection moulding. The recycled HDPE resin is made from [&hellip;]<\/p>\n","protected":false},"author":1,"featured_media":0,"parent":0,"menu_order":0,"comment_status":"closed","ping_status":"closed","template":"","meta":{"_et_pb_use_builder":"on","_et_pb_old_content":"","_et_gb_content_width":"","_monsterinsights_skip_tracking":false,"_monsterinsights_sitenote_active":false,"_monsterinsights_sitenote_note":"","_monsterinsights_sitenote_category":0,"footnotes":""},"class_list":["post-4012","page","type-page","status-publish","hentry"],"yoast_head":"<!-- This site is optimized with the Yoast SEO plugin v27.6 - https:\/\/yoast.com\/product\/yoast-seo-wordpress\/ -->\n<title>Recycled HDPE resin - DCR<\/title>\n<meta name=\"description\" content=\"Recycled HDPE resin DCR\" \/>\n<meta name=\"robots\" content=\"index, follow, max-snippet:-1, max-image-preview:large, max-video-preview:-1\" \/>\n<link rel=\"canonical\" href=\"https:\/\/dcr.com.pl\/en\/recycled-hdpe-resin\/\" \/>\n<meta property=\"og:locale\" content=\"en_US\" \/>\n<meta property=\"og:type\" content=\"article\" \/>\n<meta property=\"og:title\" content=\"Recycled HDPE resin - DCR\" \/>\n<meta property=\"og:description\" content=\"Recycled HDPE resin DCR\" \/>\n<meta property=\"og:url\" content=\"https:\/\/dcr.com.pl\/en\/recycled-hdpe-resin\/\" \/>\n<meta property=\"og:site_name\" content=\"DCR\" \/>\n<meta property=\"article:modified_time\" content=\"2022-07-28T08:54:13+00:00\" \/>\n<meta property=\"og:image\" content=\"https:\/\/dcr.com.pl\/wp-content\/uploads\/2022\/07\/logo_DCR_CMYK.png\" \/>\n\t<meta property=\"og:image:width\" content=\"333\" \/>\n\t<meta property=\"og:image:height\" content=\"115\" \/>\n\t<meta property=\"og:image:type\" content=\"image\/png\" \/>\n<meta name=\"twitter:card\" content=\"summary_large_image\" \/>\n<meta name=\"twitter:label1\" content=\"Est. reading time\" \/>\n\t<meta name=\"twitter:data1\" content=\"7 minutes\" \/>\n<script type=\"application\/ld+json\" class=\"yoast-schema-graph\">{\"@context\":\"https:\\\/\\\/schema.org\",\"@graph\":[{\"@type\":\"WebPage\",\"@id\":\"https:\\\/\\\/dcr.com.pl\\\/en\\\/recycled-hdpe-resin\\\/\",\"url\":\"https:\\\/\\\/dcr.com.pl\\\/en\\\/recycled-hdpe-resin\\\/\",\"name\":\"Recycled HDPE resin - DCR\",\"isPartOf\":{\"@id\":\"https:\\\/\\\/dcr.com.pl\\\/en\\\/#website\"},\"datePublished\":\"2022-04-20T12:23:05+00:00\",\"dateModified\":\"2022-07-28T08:54:13+00:00\",\"description\":\"Recycled HDPE resin DCR\",\"breadcrumb\":{\"@id\":\"https:\\\/\\\/dcr.com.pl\\\/en\\\/recycled-hdpe-resin\\\/#breadcrumb\"},\"inLanguage\":\"en-US\",\"potentialAction\":[{\"@type\":\"ReadAction\",\"target\":[\"https:\\\/\\\/dcr.com.pl\\\/en\\\/recycled-hdpe-resin\\\/\"]}]},{\"@type\":\"BreadcrumbList\",\"@id\":\"https:\\\/\\\/dcr.com.pl\\\/en\\\/recycled-hdpe-resin\\\/#breadcrumb\",\"itemListElement\":[{\"@type\":\"ListItem\",\"position\":1,\"name\":\"Home\",\"item\":\"https:\\\/\\\/dcr.com.pl\\\/en\\\/\"},{\"@type\":\"ListItem\",\"position\":2,\"name\":\"Recycled HDPE resin\"}]},{\"@type\":\"WebSite\",\"@id\":\"https:\\\/\\\/dcr.com.pl\\\/en\\\/#website\",\"url\":\"https:\\\/\\\/dcr.com.pl\\\/en\\\/\",\"name\":\"DCR S.A.\",\"description\":\"nowoczesny recykling\",\"publisher\":{\"@id\":\"https:\\\/\\\/dcr.com.pl\\\/en\\\/#organization\"},\"alternateName\":\"DCR\",\"potentialAction\":[{\"@type\":\"SearchAction\",\"target\":{\"@type\":\"EntryPoint\",\"urlTemplate\":\"https:\\\/\\\/dcr.com.pl\\\/en\\\/?s={search_term_string}\"},\"query-input\":{\"@type\":\"PropertyValueSpecification\",\"valueRequired\":true,\"valueName\":\"search_term_string\"}}],\"inLanguage\":\"en-US\"},{\"@type\":\"Organization\",\"@id\":\"https:\\\/\\\/dcr.com.pl\\\/en\\\/#organization\",\"name\":\"DCR S.A.\",\"alternateName\":\"DCR\",\"url\":\"https:\\\/\\\/dcr.com.pl\\\/en\\\/\",\"logo\":{\"@type\":\"ImageObject\",\"inLanguage\":\"en-US\",\"@id\":\"https:\\\/\\\/dcr.com.pl\\\/en\\\/#\\\/schema\\\/logo\\\/image\\\/\",\"url\":\"https:\\\/\\\/dcr.com.pl\\\/wp-content\\\/uploads\\\/2018\\\/01\\\/logo_DCR_CMYK_retina.png\",\"contentUrl\":\"https:\\\/\\\/dcr.com.pl\\\/wp-content\\\/uploads\\\/2018\\\/01\\\/logo_DCR_CMYK_retina.png\",\"width\":665,\"height\":230,\"caption\":\"DCR S.A.\"},\"image\":{\"@id\":\"https:\\\/\\\/dcr.com.pl\\\/en\\\/#\\\/schema\\\/logo\\\/image\\\/\"}}]}<\/script>\n<!-- \/ Yoast SEO plugin. -->","yoast_head_json":{"title":"Recycled HDPE resin - DCR","description":"Recycled HDPE resin DCR","robots":{"index":"index","follow":"follow","max-snippet":"max-snippet:-1","max-image-preview":"max-image-preview:large","max-video-preview":"max-video-preview:-1"},"canonical":"https:\/\/dcr.com.pl\/en\/recycled-hdpe-resin\/","og_locale":"en_US","og_type":"article","og_title":"Recycled HDPE resin - DCR","og_description":"Recycled HDPE resin DCR","og_url":"https:\/\/dcr.com.pl\/en\/recycled-hdpe-resin\/","og_site_name":"DCR","article_modified_time":"2022-07-28T08:54:13+00:00","og_image":[{"width":333,"height":115,"url":"https:\/\/dcr.com.pl\/wp-content\/uploads\/2022\/07\/logo_DCR_CMYK.png","type":"image\/png"}],"twitter_card":"summary_large_image","twitter_misc":{"Est. reading time":"7 minutes"},"schema":{"@context":"https:\/\/schema.org","@graph":[{"@type":"WebPage","@id":"https:\/\/dcr.com.pl\/en\/recycled-hdpe-resin\/","url":"https:\/\/dcr.com.pl\/en\/recycled-hdpe-resin\/","name":"Recycled HDPE resin - DCR","isPartOf":{"@id":"https:\/\/dcr.com.pl\/en\/#website"},"datePublished":"2022-04-20T12:23:05+00:00","dateModified":"2022-07-28T08:54:13+00:00","description":"Recycled HDPE resin DCR","breadcrumb":{"@id":"https:\/\/dcr.com.pl\/en\/recycled-hdpe-resin\/#breadcrumb"},"inLanguage":"en-US","potentialAction":[{"@type":"ReadAction","target":["https:\/\/dcr.com.pl\/en\/recycled-hdpe-resin\/"]}]},{"@type":"BreadcrumbList","@id":"https:\/\/dcr.com.pl\/en\/recycled-hdpe-resin\/#breadcrumb","itemListElement":[{"@type":"ListItem","position":1,"name":"Home","item":"https:\/\/dcr.com.pl\/en\/"},{"@type":"ListItem","position":2,"name":"Recycled HDPE resin"}]},{"@type":"WebSite","@id":"https:\/\/dcr.com.pl\/en\/#website","url":"https:\/\/dcr.com.pl\/en\/","name":"DCR S.A.","description":"nowoczesny recykling","publisher":{"@id":"https:\/\/dcr.com.pl\/en\/#organization"},"alternateName":"DCR","potentialAction":[{"@type":"SearchAction","target":{"@type":"EntryPoint","urlTemplate":"https:\/\/dcr.com.pl\/en\/?s={search_term_string}"},"query-input":{"@type":"PropertyValueSpecification","valueRequired":true,"valueName":"search_term_string"}}],"inLanguage":"en-US"},{"@type":"Organization","@id":"https:\/\/dcr.com.pl\/en\/#organization","name":"DCR S.A.","alternateName":"DCR","url":"https:\/\/dcr.com.pl\/en\/","logo":{"@type":"ImageObject","inLanguage":"en-US","@id":"https:\/\/dcr.com.pl\/en\/#\/schema\/logo\/image\/","url":"https:\/\/dcr.com.pl\/wp-content\/uploads\/2018\/01\/logo_DCR_CMYK_retina.png","contentUrl":"https:\/\/dcr.com.pl\/wp-content\/uploads\/2018\/01\/logo_DCR_CMYK_retina.png","width":665,"height":230,"caption":"DCR S.A."},"image":{"@id":"https:\/\/dcr.com.pl\/en\/#\/schema\/logo\/image\/"}}]}},"_links":{"self":[{"href":"https:\/\/dcr.com.pl\/en\/wp-json\/wp\/v2\/pages\/4012","targetHints":{"allow":["GET"]}}],"collection":[{"href":"https:\/\/dcr.com.pl\/en\/wp-json\/wp\/v2\/pages"}],"about":[{"href":"https:\/\/dcr.com.pl\/en\/wp-json\/wp\/v2\/types\/page"}],"author":[{"embeddable":true,"href":"https:\/\/dcr.com.pl\/en\/wp-json\/wp\/v2\/users\/1"}],"replies":[{"embeddable":true,"href":"https:\/\/dcr.com.pl\/en\/wp-json\/wp\/v2\/comments?post=4012"}],"version-history":[{"count":13,"href":"https:\/\/dcr.com.pl\/en\/wp-json\/wp\/v2\/pages\/4012\/revisions"}],"predecessor-version":[{"id":4148,"href":"https:\/\/dcr.com.pl\/en\/wp-json\/wp\/v2\/pages\/4012\/revisions\/4148"}],"wp:attachment":[{"href":"https:\/\/dcr.com.pl\/en\/wp-json\/wp\/v2\/media?parent=4012"}],"curies":[{"name":"wp","href":"https:\/\/api.w.org\/{rel}","templated":true}]}}