{"id":3995,"date":"2022-04-25T08:20:36","date_gmt":"2022-04-25T08:20:36","guid":{"rendered":"https:\/\/dcr.com.pl\/contact-us\/"},"modified":"2024-07-02T08:06:52","modified_gmt":"2024-07-02T08:06:52","slug":"contact-us","status":"publish","type":"page","link":"https:\/\/dcr.com.pl\/en\/contact-us\/","title":{"rendered":"Contact us"},"content":{"rendered":"<p>[et_pb_section fb_built=&#8221;1&#8243; _builder_version=&#8221;4.17.1&#8243; _module_preset=&#8221;default&#8221; custom_padding=&#8221;|1px||||&#8221; da_disable_devices=&#8221;off|off|off&#8221; global_colors_info=&#8221;{}&#8221; da_is_popup=&#8221;off&#8221; da_exit_intent=&#8221;off&#8221; da_has_close=&#8221;on&#8221; da_alt_close=&#8221;off&#8221; da_dark_close=&#8221;off&#8221; da_not_modal=&#8221;on&#8221; da_is_singular=&#8221;off&#8221; da_with_loader=&#8221;off&#8221; da_has_shadow=&#8221;on&#8221;][et_pb_row column_structure=&#8221;1_3,2_3&#8243; _builder_version=&#8221;4.17.1&#8243; _module_preset=&#8221;default&#8221; global_colors_info=&#8221;{}&#8221;][et_pb_column type=&#8221;1_3&#8243; _builder_version=&#8221;4.17.1&#8243; _module_preset=&#8221;default&#8221; global_colors_info=&#8221;{}&#8221;][et_pb_image src=&#8221;https:\/\/dcr.com.pl\/wp-content\/uploads\/2016\/03\/o-firmie.jpg&#8221; alt=&#8221;DCR headquarters and reception&#8221; title_text=&#8221;DCR headquarters and reception&#8221; _builder_version=&#8221;4.17.1&#8243; _module_preset=&#8221;default&#8221; global_colors_info=&#8221;{}&#8221;][\/et_pb_image][\/et_pb_column][et_pb_column type=&#8221;2_3&#8243; _builder_version=&#8221;4.17.1&#8243; _module_preset=&#8221;default&#8221; global_colors_info=&#8221;{}&#8221;][et_pb_text _builder_version=&#8221;4.25.2&#8243; _module_preset=&#8221;default&#8221; header_font_size=&#8221;3em&#8221; header_4_font=&#8221;||||||||&#8221; hover_enabled=&#8221;0&#8243; global_colors_info=&#8221;{}&#8221; sticky_enabled=&#8221;0&#8243;]<\/p>\n<div class=\"wpb_text_column wpb_content_element vc_custom_1618570336671\">\n<div class=\"wpb_wrapper\">\n<h1><strong>DCR Sp\u00f3\u0142ka Akcyjna<\/strong><\/h1>\n<p>&nbsp;<\/p>\n<h4><strong>Headquarters<\/strong><\/h4>\n<p><strong><\/strong><\/p>\n<h4>street Fabryczna 1<\/h4>\n<h4>Wola Krzysztoporska, 97-371<\/h4>\n<p>&nbsp;<\/p>\n<h4><a href=\"mailto:dcr@dcr.com.pl\"><img loading=\"lazy\" decoding=\"async\" src=\"https:\/\/dcr.com.pl\/wp-content\/uploads\/2022\/04\/kontakt-mail.png\" width=\"30\" height=\"30\" style=\"margin-bottom: -8px;\" class=\"wp-image-2935 alignnone size-full\" \/> dcr@dcr.com.pl<\/a><\/h4>\n<h4><img loading=\"lazy\" decoding=\"async\" src=\"https:\/\/dcr.com.pl\/wp-content\/uploads\/2022\/04\/kontakt-telefon.png\" width=\"30\" height=\"30\" style=\"margin-bottom: -8px;\" dcr=\"\" kontakt=\"\" class=\"wp-image-2930 alignnone size-full\" \/> +48 44 616 30 83<\/h4>\n<h4><img loading=\"lazy\" decoding=\"async\" src=\"https:\/\/dcr.com.pl\/wp-content\/uploads\/2022\/04\/kontakt-fax.png\" width=\"30\" height=\"30\" style=\"margin-bottom: -8px;\" class=\"wp-image-2937 alignnone size-full\" \/> +48 44 616 30 70<\/h4>\n<\/div>\n<\/div>\n<div class=\"wpb_text_column wpb_content_element \">\n<div class=\"wpb_wrapper\">\n<p>&nbsp;<\/p>\n<\/div>\n<\/div>\n<p>[\/et_pb_text][et_pb_text _builder_version=&#8221;4.25.2&#8243; _module_preset=&#8221;default&#8221; header_font_size=&#8221;3em&#8221; header_4_font=&#8221;||||||||&#8221; custom_padding=&#8221;||||false|false&#8221; custom_padding_tablet=&#8221;||||false|false&#8221; custom_padding_phone=&#8221;||||false|false&#8221; custom_padding_last_edited=&#8221;on|phone&#8221; hover_enabled=&#8221;0&#8243; global_colors_info=&#8221;{}&#8221; sticky_enabled=&#8221;0&#8243;]<\/p>\n<div class=\"wpb_text_column wpb_content_element vc_custom_1618570336671\">\n<div class=\"wpb_wrapper\">\n<p><strong>NIP:<\/strong> 771 273 85 79<\/p>\n<\/div>\n<\/div>\n<div class=\"wpb_text_column wpb_content_element \">\n<div class=\"wpb_wrapper\">\n<p><strong>REGON:<\/strong> 100265557<br \/><strong>KRS:<\/strong> <span>0001113502<\/span><br \/>S\u0104D REJONOWY DLA \u0141ODZI-\u015aR\u00d3DMIE\u015aCIA<br \/>XX WYDZIA\u0141 GOSPODARCZY KRAJOWEGO REJESTRU S\u0104DOWEGO<\/p>\n<\/div>\n<\/div>\n<p>[\/et_pb_text][\/et_pb_column][\/et_pb_row][\/et_pb_section][et_pb_section fb_built=&#8221;1&#8243; fullwidth=&#8221;on&#8221; _builder_version=&#8221;4.17.1&#8243; _module_preset=&#8221;default&#8221; da_disable_devices=&#8221;off|off|off&#8221; global_colors_info=&#8221;{}&#8221; da_is_popup=&#8221;off&#8221; da_exit_intent=&#8221;off&#8221; da_has_close=&#8221;on&#8221; da_alt_close=&#8221;off&#8221; da_dark_close=&#8221;off&#8221; da_not_modal=&#8221;on&#8221; da_is_singular=&#8221;off&#8221; da_with_loader=&#8221;off&#8221; da_has_shadow=&#8221;on&#8221;][et_pb_fullwidth_code _builder_version=&#8221;4.17.1&#8243; _module_preset=&#8221;default&#8221; global_colors_info=&#8221;{}&#8221;]<iframe loading=\"lazy\" src=\"https:\/\/www.google.com\/maps\/embed?pb=!1m18!1m12!1m3!1d2492.1288989984487!2d19.592250216129205!3d51.34554033034522!2m3!1f0!2f0!3f0!3m2!1i1024!2i768!4f13.1!3m3!1m2!1s0x471a1e344f50a989%3A0xdbb88d1a39c6229c!2sDCR+Sp.+z+o.+o.!5e0!3m2!1spl!2spl!4v1537777532848\" width=\"100%\" height=\"450\" frameborder=\"0\" style=\"border:0\" allowfullscreen=\"\"><\/iframe>[\/et_pb_fullwidth_code][\/et_pb_section]<\/p>\n","protected":false},"excerpt":{"rendered":"<p>DCR Sp&oacute;&#322;ka Akcyjna &nbsp; Headquarters street Fabryczna 1 Wola Krzysztoporska, 97-371 &nbsp; dcr@dcr.com.pl +48 44 616 30 83 +48 44 616 30 70 &nbsp; NIP: 771 273 85 79 REGON: 100265557KRS: 0001113502S&#260;D REJONOWY DLA &#321;ODZI-&#346;R&Oacute;DMIE&#346;CIAXX WYDZIA&#321; GOSPODARCZY KRAJOWEGO REJESTRU S&#260;DOWEGO<\/p>\n","protected":false},"author":1,"featured_media":0,"parent":0,"menu_order":0,"comment_status":"closed","ping_status":"closed","template":"","meta":{"_et_pb_use_builder":"on","_et_pb_old_content":"","_et_gb_content_width":"","_monsterinsights_skip_tracking":false,"_monsterinsights_sitenote_active":false,"_monsterinsights_sitenote_note":"","_monsterinsights_sitenote_category":0,"footnotes":""},"class_list":["post-3995","page","type-page","status-publish","hentry"],"yoast_head":"<!-- This site is optimized with the Yoast SEO plugin v27.4 - https:\/\/yoast.com\/product\/yoast-seo-wordpress\/ -->\n<title>Contact us - DCR<\/title>\n<meta name=\"description\" content=\"Contact us DCR\" \/>\n<meta name=\"robots\" content=\"index, follow, max-snippet:-1, max-image-preview:large, max-video-preview:-1\" \/>\n<link rel=\"canonical\" href=\"https:\/\/dcr.com.pl\/kontakt\/\" \/>\n<meta property=\"og:locale\" content=\"en_US\" \/>\n<meta property=\"og:type\" content=\"article\" \/>\n<meta property=\"og:title\" content=\"Contact us - DCR\" \/>\n<meta property=\"og:description\" content=\"Contact us DCR\" \/>\n<meta property=\"og:url\" content=\"https:\/\/dcr.com.pl\/kontakt\/\" \/>\n<meta property=\"og:site_name\" content=\"DCR\" \/>\n<meta property=\"article:modified_time\" content=\"2024-07-02T08:06:52+00:00\" \/>\n<meta property=\"og:image\" content=\"https:\/\/dcr.com.pl\/wp-content\/uploads\/2022\/04\/kontakt-mail.png\" \/>\n<meta name=\"twitter:card\" content=\"summary_large_image\" \/>\n<meta name=\"twitter:label1\" content=\"Est. reading time\" \/>\n\t<meta name=\"twitter:data1\" content=\"2 minutes\" \/>\n<script type=\"application\/ld+json\" class=\"yoast-schema-graph\">{\"@context\":\"https:\\\/\\\/schema.org\",\"@graph\":[{\"@type\":\"WebPage\",\"@id\":\"https:\\\/\\\/dcr.com.pl\\\/kontakt\\\/\",\"url\":\"https:\\\/\\\/dcr.com.pl\\\/kontakt\\\/\",\"name\":\"Contact us - DCR\",\"isPartOf\":{\"@id\":\"https:\\\/\\\/dcr.com.pl\\\/en\\\/#website\"},\"primaryImageOfPage\":{\"@id\":\"https:\\\/\\\/dcr.com.pl\\\/kontakt\\\/#primaryimage\"},\"image\":{\"@id\":\"https:\\\/\\\/dcr.com.pl\\\/kontakt\\\/#primaryimage\"},\"thumbnailUrl\":\"https:\\\/\\\/dcr.com.pl\\\/wp-content\\\/uploads\\\/2022\\\/04\\\/kontakt-mail.png\",\"datePublished\":\"2022-04-25T08:20:36+00:00\",\"dateModified\":\"2024-07-02T08:06:52+00:00\",\"description\":\"Contact us DCR\",\"breadcrumb\":{\"@id\":\"https:\\\/\\\/dcr.com.pl\\\/kontakt\\\/#breadcrumb\"},\"inLanguage\":\"en-US\",\"potentialAction\":[{\"@type\":\"ReadAction\",\"target\":[\"https:\\\/\\\/dcr.com.pl\\\/kontakt\\\/\"]}]},{\"@type\":\"ImageObject\",\"inLanguage\":\"en-US\",\"@id\":\"https:\\\/\\\/dcr.com.pl\\\/kontakt\\\/#primaryimage\",\"url\":\"https:\\\/\\\/dcr.com.pl\\\/wp-content\\\/uploads\\\/2022\\\/04\\\/kontakt-mail.png\",\"contentUrl\":\"https:\\\/\\\/dcr.com.pl\\\/wp-content\\\/uploads\\\/2022\\\/04\\\/kontakt-mail.png\"},{\"@type\":\"BreadcrumbList\",\"@id\":\"https:\\\/\\\/dcr.com.pl\\\/kontakt\\\/#breadcrumb\",\"itemListElement\":[{\"@type\":\"ListItem\",\"position\":1,\"name\":\"Home\",\"item\":\"https:\\\/\\\/dcr.com.pl\\\/en\\\/\"},{\"@type\":\"ListItem\",\"position\":2,\"name\":\"Contact us\"}]},{\"@type\":\"WebSite\",\"@id\":\"https:\\\/\\\/dcr.com.pl\\\/en\\\/#website\",\"url\":\"https:\\\/\\\/dcr.com.pl\\\/en\\\/\",\"name\":\"DCR S.A.\",\"description\":\"nowoczesny recykling\",\"publisher\":{\"@id\":\"https:\\\/\\\/dcr.com.pl\\\/en\\\/#organization\"},\"alternateName\":\"DCR\",\"potentialAction\":[{\"@type\":\"SearchAction\",\"target\":{\"@type\":\"EntryPoint\",\"urlTemplate\":\"https:\\\/\\\/dcr.com.pl\\\/en\\\/?s={search_term_string}\"},\"query-input\":{\"@type\":\"PropertyValueSpecification\",\"valueRequired\":true,\"valueName\":\"search_term_string\"}}],\"inLanguage\":\"en-US\"},{\"@type\":\"Organization\",\"@id\":\"https:\\\/\\\/dcr.com.pl\\\/en\\\/#organization\",\"name\":\"DCR S.A.\",\"alternateName\":\"DCR\",\"url\":\"https:\\\/\\\/dcr.com.pl\\\/en\\\/\",\"logo\":{\"@type\":\"ImageObject\",\"inLanguage\":\"en-US\",\"@id\":\"https:\\\/\\\/dcr.com.pl\\\/en\\\/#\\\/schema\\\/logo\\\/image\\\/\",\"url\":\"https:\\\/\\\/dcr.com.pl\\\/wp-content\\\/uploads\\\/2018\\\/01\\\/logo_DCR_CMYK_retina.png\",\"contentUrl\":\"https:\\\/\\\/dcr.com.pl\\\/wp-content\\\/uploads\\\/2018\\\/01\\\/logo_DCR_CMYK_retina.png\",\"width\":665,\"height\":230,\"caption\":\"DCR S.A.\"},\"image\":{\"@id\":\"https:\\\/\\\/dcr.com.pl\\\/en\\\/#\\\/schema\\\/logo\\\/image\\\/\"}}]}<\/script>\n<!-- \/ Yoast SEO plugin. -->","yoast_head_json":{"title":"Contact us - DCR","description":"Contact us DCR","robots":{"index":"index","follow":"follow","max-snippet":"max-snippet:-1","max-image-preview":"max-image-preview:large","max-video-preview":"max-video-preview:-1"},"canonical":"https:\/\/dcr.com.pl\/kontakt\/","og_locale":"en_US","og_type":"article","og_title":"Contact us - DCR","og_description":"Contact us DCR","og_url":"https:\/\/dcr.com.pl\/kontakt\/","og_site_name":"DCR","article_modified_time":"2024-07-02T08:06:52+00:00","og_image":[{"url":"https:\/\/dcr.com.pl\/wp-content\/uploads\/2022\/04\/kontakt-mail.png","type":"","width":"","height":""}],"twitter_card":"summary_large_image","twitter_misc":{"Est. reading time":"2 minutes"},"schema":{"@context":"https:\/\/schema.org","@graph":[{"@type":"WebPage","@id":"https:\/\/dcr.com.pl\/kontakt\/","url":"https:\/\/dcr.com.pl\/kontakt\/","name":"Contact us - DCR","isPartOf":{"@id":"https:\/\/dcr.com.pl\/en\/#website"},"primaryImageOfPage":{"@id":"https:\/\/dcr.com.pl\/kontakt\/#primaryimage"},"image":{"@id":"https:\/\/dcr.com.pl\/kontakt\/#primaryimage"},"thumbnailUrl":"https:\/\/dcr.com.pl\/wp-content\/uploads\/2022\/04\/kontakt-mail.png","datePublished":"2022-04-25T08:20:36+00:00","dateModified":"2024-07-02T08:06:52+00:00","description":"Contact us DCR","breadcrumb":{"@id":"https:\/\/dcr.com.pl\/kontakt\/#breadcrumb"},"inLanguage":"en-US","potentialAction":[{"@type":"ReadAction","target":["https:\/\/dcr.com.pl\/kontakt\/"]}]},{"@type":"ImageObject","inLanguage":"en-US","@id":"https:\/\/dcr.com.pl\/kontakt\/#primaryimage","url":"https:\/\/dcr.com.pl\/wp-content\/uploads\/2022\/04\/kontakt-mail.png","contentUrl":"https:\/\/dcr.com.pl\/wp-content\/uploads\/2022\/04\/kontakt-mail.png"},{"@type":"BreadcrumbList","@id":"https:\/\/dcr.com.pl\/kontakt\/#breadcrumb","itemListElement":[{"@type":"ListItem","position":1,"name":"Home","item":"https:\/\/dcr.com.pl\/en\/"},{"@type":"ListItem","position":2,"name":"Contact us"}]},{"@type":"WebSite","@id":"https:\/\/dcr.com.pl\/en\/#website","url":"https:\/\/dcr.com.pl\/en\/","name":"DCR S.A.","description":"nowoczesny recykling","publisher":{"@id":"https:\/\/dcr.com.pl\/en\/#organization"},"alternateName":"DCR","potentialAction":[{"@type":"SearchAction","target":{"@type":"EntryPoint","urlTemplate":"https:\/\/dcr.com.pl\/en\/?s={search_term_string}"},"query-input":{"@type":"PropertyValueSpecification","valueRequired":true,"valueName":"search_term_string"}}],"inLanguage":"en-US"},{"@type":"Organization","@id":"https:\/\/dcr.com.pl\/en\/#organization","name":"DCR S.A.","alternateName":"DCR","url":"https:\/\/dcr.com.pl\/en\/","logo":{"@type":"ImageObject","inLanguage":"en-US","@id":"https:\/\/dcr.com.pl\/en\/#\/schema\/logo\/image\/","url":"https:\/\/dcr.com.pl\/wp-content\/uploads\/2018\/01\/logo_DCR_CMYK_retina.png","contentUrl":"https:\/\/dcr.com.pl\/wp-content\/uploads\/2018\/01\/logo_DCR_CMYK_retina.png","width":665,"height":230,"caption":"DCR S.A."},"image":{"@id":"https:\/\/dcr.com.pl\/en\/#\/schema\/logo\/image\/"}}]}},"_links":{"self":[{"href":"https:\/\/dcr.com.pl\/en\/wp-json\/wp\/v2\/pages\/3995","targetHints":{"allow":["GET"]}}],"collection":[{"href":"https:\/\/dcr.com.pl\/en\/wp-json\/wp\/v2\/pages"}],"about":[{"href":"https:\/\/dcr.com.pl\/en\/wp-json\/wp\/v2\/types\/page"}],"author":[{"embeddable":true,"href":"https:\/\/dcr.com.pl\/en\/wp-json\/wp\/v2\/users\/1"}],"replies":[{"embeddable":true,"href":"https:\/\/dcr.com.pl\/en\/wp-json\/wp\/v2\/comments?post=3995"}],"version-history":[{"count":5,"href":"https:\/\/dcr.com.pl\/en\/wp-json\/wp\/v2\/pages\/3995\/revisions"}],"predecessor-version":[{"id":4667,"href":"https:\/\/dcr.com.pl\/en\/wp-json\/wp\/v2\/pages\/3995\/revisions\/4667"}],"wp:attachment":[{"href":"https:\/\/dcr.com.pl\/en\/wp-json\/wp\/v2\/media?parent=3995"}],"curies":[{"name":"wp","href":"https:\/\/api.w.org\/{rel}","templated":true}]}}