{"id":3978,"date":"2022-04-19T14:44:57","date_gmt":"2022-04-19T14:44:57","guid":{"rendered":"https:\/\/dcr.com.pl\/ibc-pallet-containers\/"},"modified":"2022-07-28T08:20:57","modified_gmt":"2022-07-28T08:20:57","slug":"ibc-pallet-containers","status":"publish","type":"page","link":"https:\/\/dcr.com.pl\/en\/ibc-pallet-containers\/","title":{"rendered":"IBC pallet containers"},"content":{"rendered":"<p>[et_pb_section fb_built=&#8221;1&#8243; _builder_version=&#8221;4.17.4&#8243; _module_preset=&#8221;default&#8221; custom_padding=&#8221;0px||0px||true|false&#8221; da_disable_devices=&#8221;off|off|off&#8221; global_colors_info=&#8221;{}&#8221; da_is_popup=&#8221;off&#8221; da_exit_intent=&#8221;off&#8221; da_has_close=&#8221;on&#8221; da_alt_close=&#8221;off&#8221; da_dark_close=&#8221;off&#8221; da_not_modal=&#8221;on&#8221; da_is_singular=&#8221;off&#8221; da_with_loader=&#8221;off&#8221; da_has_shadow=&#8221;on&#8221;][et_pb_row _builder_version=&#8221;4.17.4&#8243; _module_preset=&#8221;default&#8221; background_enable_color=&#8221;off&#8221; use_background_color_gradient=&#8221;on&#8221; background_color_gradient_stops=&#8221;rgba(0,0,0,0.28) 0%|rgba(0,0,0,0.28) 99%&#8221; background_color_gradient_overlays_image=&#8221;on&#8221; background_image=&#8221;https:\/\/dcr.com.pl\/wp-content\/uploads\/2021\/04\/paletokontenery-IBC-DCR.jpg&#8221; width=&#8221;100%&#8221; max_width=&#8221;100%&#8221; custom_padding=&#8221;10%|1%|10%|1%|true|true&#8221; global_colors_info=&#8221;{}&#8221;][et_pb_column type=&#8221;4_4&#8243; _builder_version=&#8221;4.17.4&#8243; _module_preset=&#8221;default&#8221; global_colors_info=&#8221;{}&#8221;][et_pb_text _builder_version=&#8221;4.17.4&#8243; _module_preset=&#8221;default&#8221; header_font=&#8221;|700|||||||&#8221; header_text_color=&#8221;#FFFFFF&#8221; header_font_size=&#8221;6em&#8221; header_line_height=&#8221;1.3em&#8221; header_2_text_color=&#8221;#FFFFFF&#8221; header_2_font_size=&#8221;4em&#8221; width=&#8221;70%&#8221; module_alignment=&#8221;center&#8221; header_text_shadow_style=&#8221;preset1&#8243; header_text_shadow_vertical_length=&#8221;0.07em&#8221; global_colors_info=&#8221;{}&#8221;]<\/p>\n<h1>IBC pallet containers<\/h1>\n<p>&nbsp;<\/p>\n<h2>new and reconditioned<\/h2>\n<p>[\/et_pb_text][\/et_pb_column][\/et_pb_row][\/et_pb_section][et_pb_section fb_built=&#8221;1&#8243; _builder_version=&#8221;4.17.1&#8243; _module_preset=&#8221;default&#8221; custom_padding=&#8221;25px||||false|false&#8221; da_disable_devices=&#8221;off|off|off&#8221; global_colors_info=&#8221;{}&#8221; da_is_popup=&#8221;off&#8221; da_exit_intent=&#8221;off&#8221; da_has_close=&#8221;on&#8221; da_alt_close=&#8221;off&#8221; da_dark_close=&#8221;off&#8221; da_not_modal=&#8221;on&#8221; da_is_singular=&#8221;off&#8221; da_with_loader=&#8221;off&#8221; da_has_shadow=&#8221;on&#8221;][et_pb_row _builder_version=&#8221;4.17.1&#8243; _module_preset=&#8221;default&#8221; global_colors_info=&#8221;{}&#8221;][et_pb_column type=&#8221;4_4&#8243; _builder_version=&#8221;4.17.1&#8243; _module_preset=&#8221;default&#8221; global_colors_info=&#8221;{}&#8221;][et_pb_text _builder_version=&#8221;4.17.1&#8243; _module_preset=&#8221;default&#8221; header_line_height=&#8221;1.3em&#8221; header_2_font_size=&#8221;2.7em&#8221; header_2_line_height=&#8221;1.2em&#8221; background_color=&#8221;#f9f9f9&#8243; custom_padding=&#8221;2%|1%|1%|1%|false|true&#8221; global_colors_info=&#8221;{}&#8221;]<\/p>\n<h2 style=\"text-align: center;\">Three types of IBCs on offer: reconditioned, rebottled, and new<\/h2>\n<p>[\/et_pb_text][et_pb_text _builder_version=&#8221;4.17.1&#8243; _module_preset=&#8221;default&#8221; global_colors_info=&#8221;{}&#8221;]<\/p>\n<p style=\"text-align: justify;\">IBC containers &#8211; IBC (Intermediate Bulk Containers) are also called in Poland DPPL. Widely used as <strong>portable tanks for storing and transporting liquid substances<\/strong> in many industries.<strong>Due to their versatility<\/strong> and technical parameters, IBC containers are used in the chemical, petrochemical, cosmetics, pharmaceutical and food industries. They are used for both hazardous and non-hazardous substances.<\/p>\n<p style=\"text-align: justify;\">Three types of IBCs on offer:<\/p>\n<ul style=\"text-align: justify;\">\n<li>new,<\/li>\n<li>reconditioned,<\/li>\n<li>or the so-called Reco (rebottled). Kontener RECO sk\u0142ada si\u0119 z fabrycznie nowego wsadu \u2013 wewn\u0119trznego pojemnika z polietylenu HDPE oraz u\u017cywanego kosza z palet\u0105, stalowego szkieletu zewn\u0119trznego kt\u00f3ry przeszed\u0142 regeneracj\u0119.<\/li>\n<\/ul>\n<p style=\"text-align: justify;\"><strong>Our company owns all kinds and types of IBC containers, so we can offer our customers the best solution regardless of their requirements.<\/strong><\/p>\n<p>[\/et_pb_text][\/et_pb_column][\/et_pb_row][\/et_pb_section][et_pb_section fb_built=&#8221;1&#8243; _builder_version=&#8221;4.17.1&#8243; _module_preset=&#8221;default&#8221; custom_padding=&#8221;0px||0px||false|false&#8221; da_disable_devices=&#8221;off|off|off&#8221; global_colors_info=&#8221;{}&#8221; da_is_popup=&#8221;off&#8221; da_exit_intent=&#8221;off&#8221; da_has_close=&#8221;on&#8221; da_alt_close=&#8221;off&#8221; da_dark_close=&#8221;off&#8221; da_not_modal=&#8221;on&#8221; da_is_singular=&#8221;off&#8221; da_with_loader=&#8221;off&#8221; da_has_shadow=&#8221;on&#8221;][et_pb_row column_structure=&#8221;1_2,1_2&#8243; make_equal=&#8221;on&#8221; _builder_version=&#8221;4.17.1&#8243; _module_preset=&#8221;default&#8221; global_colors_info=&#8221;{}&#8221;][et_pb_column type=&#8221;1_2&#8243; _builder_version=&#8221;4.17.1&#8243; _module_preset=&#8221;default&#8221; global_colors_info=&#8221;{}&#8221;][et_pb_image src=&#8221;https:\/\/dcr.com.pl\/wp-content\/uploads\/2016\/03\/paletokontenery-IBC-2-1.jpg&#8221; alt=&#8221;IBC pallet containers&#8221; title_text=&#8221;IBC pallet containers&#8221; _builder_version=&#8221;4.17.1&#8243; _module_preset=&#8221;default&#8221; global_colors_info=&#8221;{}&#8221;][\/et_pb_image][\/et_pb_column][et_pb_column type=&#8221;1_2&#8243; _builder_version=&#8221;4.17.1&#8243; _module_preset=&#8221;default&#8221; global_colors_info=&#8221;{}&#8221;][et_pb_text _builder_version=&#8221;4.17.1&#8243; _module_preset=&#8221;default&#8221; header_2_font_size=&#8221;2em&#8221; custom_padding=&#8221;5%||||false|false&#8221; global_colors_info=&#8221;{}&#8221;]<\/p>\n<h2>IBC pallet containers<\/h2>\n<p>[\/et_pb_text][et_pb_text _builder_version=&#8221;4.17.1&#8243; _module_preset=&#8221;default&#8221; global_colors_info=&#8221;{}&#8221;]<\/p>\n<ul>\n<li>IBCs (Intermediate Bulk Containers) are highly durable owing to the metal frame, and offer high chemical resistance of the polyethylene inner bottle.<\/li>\n<li>The inner receptacles are made of high-molecular-weight HDPE for maximum chemical resistance.<\/li>\n<li>The external frames are made of zinc-coated steel.<\/li>\n<li>Reconditioned according to the PN-EN ISO 9001 Quality Management System.<\/li>\n<li>UN Dangerous Good Transport-certified for Packaging Groups II, and III.<\/li>\n<\/ul>\n<p>[\/et_pb_text][\/et_pb_column][\/et_pb_row][et_pb_row _builder_version=&#8221;4.17.1&#8243; _module_preset=&#8221;default&#8221; global_colors_info=&#8221;{}&#8221;][et_pb_column type=&#8221;4_4&#8243; _builder_version=&#8221;4.17.1&#8243; _module_preset=&#8221;default&#8221; global_colors_info=&#8221;{}&#8221;][et_pb_image src=&#8221;https:\/\/dcr.com.pl\/wp-content\/uploads\/2022\/07\/Paletokontenery-IBC-ang-pdf.jpg&#8221; title_text=&#8221;IBC pallet containers &#8211; specification&#8221; show_in_lightbox=&#8221;on&#8221; align=&#8221;center&#8221; _builder_version=&#8221;4.17.6&#8243; _module_preset=&#8221;default&#8221; hover_enabled=&#8221;0&#8243; global_colors_info=&#8221;{}&#8221; sticky_enabled=&#8221;0&#8243;][\/et_pb_image][\/et_pb_column][\/et_pb_row][\/et_pb_section][et_pb_section fb_built=&#8221;1&#8243; _builder_version=&#8221;4.17.1&#8243; _module_preset=&#8221;default&#8221; custom_padding=&#8221;0px||||false|false&#8221; da_disable_devices=&#8221;off|off|off&#8221; global_colors_info=&#8221;{}&#8221; da_is_popup=&#8221;off&#8221; da_exit_intent=&#8221;off&#8221; da_has_close=&#8221;on&#8221; da_alt_close=&#8221;off&#8221; da_dark_close=&#8221;off&#8221; da_not_modal=&#8221;on&#8221; da_is_singular=&#8221;off&#8221; da_with_loader=&#8221;off&#8221; da_has_shadow=&#8221;on&#8221;][et_pb_row _builder_version=&#8221;4.17.1&#8243; _module_preset=&#8221;default&#8221; custom_padding=&#8221;0px||||false|false&#8221; global_colors_info=&#8221;{}&#8221;][et_pb_column type=&#8221;4_4&#8243; _builder_version=&#8221;4.17.1&#8243; _module_preset=&#8221;default&#8221; global_colors_info=&#8221;{}&#8221;][et_pb_text _builder_version=&#8221;4.17.1&#8243; _module_preset=&#8221;default&#8221; header_6_text_color=&#8221;#FFFFFF&#8221; header_6_font_size=&#8221;2.5em&#8221; background_color=&#8221;#9ecc22&#8243; custom_margin=&#8221;5%||||false|false&#8221; custom_padding=&#8221;2%||2%||true|false&#8221; header_6_text_shadow_style=&#8221;preset1&#8243; global_colors_info=&#8221;{}&#8221;]<\/p>\n<h2 style=\"text-align: center;\"><span style=\"color: #ffffff;\">Three types of IBCs on offer: reconditioned, rebottled, and new.<\/span><\/h2>\n<p>[\/et_pb_text][et_pb_image src=&#8221;https:\/\/dcr.com.pl\/wp-content\/uploads\/2022\/07\/warianty-kontenerow-IBC-ang-pdf.jpg&#8221; title_text=&#8221;types of IBC containers&#8221; show_in_lightbox=&#8221;on&#8221; align=&#8221;center&#8221; _builder_version=&#8221;4.17.6&#8243; _module_preset=&#8221;default&#8221; hover_enabled=&#8221;0&#8243; global_colors_info=&#8221;{}&#8221; sticky_enabled=&#8221;0&#8243;][\/et_pb_image][\/et_pb_column][\/et_pb_row][et_pb_row _builder_version=&#8221;4.17.1&#8243; _module_preset=&#8221;default&#8221; global_colors_info=&#8221;{}&#8221;][et_pb_column type=&#8221;4_4&#8243; _builder_version=&#8221;4.17.1&#8243; _module_preset=&#8221;default&#8221; global_colors_info=&#8221;{}&#8221;][et_pb_image src=&#8221;https:\/\/dcr.com.pl\/wp-content\/uploads\/2016\/03\/paletokontenery-1.jpg&#8221; alt=&#8221;IBC containers &#8211; components&#8221; title_text=&#8221;IBC containers &#8211; components&#8221; _builder_version=&#8221;4.17.1&#8243; _module_preset=&#8221;default&#8221; global_colors_info=&#8221;{}&#8221;][\/et_pb_image][\/et_pb_column][\/et_pb_row][\/et_pb_section][et_pb_section fb_built=&#8221;1&#8243; _builder_version=&#8221;4.17.1&#8243; _module_preset=&#8221;default&#8221; background_color=&#8221;#f9f9f9&#8243; da_disable_devices=&#8221;off|off|off&#8221; global_colors_info=&#8221;{}&#8221; da_is_popup=&#8221;off&#8221; da_exit_intent=&#8221;off&#8221; da_has_close=&#8221;on&#8221; da_alt_close=&#8221;off&#8221; da_dark_close=&#8221;off&#8221; da_not_modal=&#8221;on&#8221; da_is_singular=&#8221;off&#8221; da_with_loader=&#8221;off&#8221; da_has_shadow=&#8221;on&#8221;][et_pb_row _builder_version=&#8221;4.17.1&#8243; _module_preset=&#8221;default&#8221; global_colors_info=&#8221;{}&#8221;][et_pb_column type=&#8221;4_4&#8243; _builder_version=&#8221;4.17.1&#8243; _module_preset=&#8221;default&#8221; global_colors_info=&#8221;{}&#8221;][et_pb_text _builder_version=&#8221;4.17.1&#8243; _module_preset=&#8221;default&#8221; header_4_font_size=&#8221;2em&#8221; global_colors_info=&#8221;{}&#8221;]<\/p>\n<h4 style=\"text-align: center;\">See other products from our offer<\/h4>\n<p>[\/et_pb_text][\/et_pb_column][\/et_pb_row][et_pb_row column_structure=&#8221;1_3,1_3,1_3&#8243; _builder_version=&#8221;4.17.1&#8243; _module_preset=&#8221;default&#8221; width=&#8221;60%&#8221; global_colors_info=&#8221;{}&#8221;][et_pb_column type=&#8221;1_3&#8243; _builder_version=&#8221;4.17.1&#8243; _module_preset=&#8221;default&#8221; background_color=&#8221;#9ecc22&#8243; global_colors_info=&#8221;{}&#8221;][et_pb_button button_url=&#8221;https:\/\/dcr.com.pl\/en\/steel-drums\/&#8221; button_text=&#8221;Steel drums&#8221; button_alignment=&#8221;center&#8221; _builder_version=&#8221;4.17.6&#8243; _module_preset=&#8221;default&#8221; custom_button=&#8221;on&#8221; button_text_color=&#8221;#FFFFFF&#8221; button_bg_color=&#8221;#9ECC22&#8243; button_border_width=&#8221;0px&#8221; custom_padding=&#8221;3%|9%|3%|9%|true|true&#8221; hover_enabled=&#8221;0&#8243; global_colors_info=&#8221;{}&#8221; sticky_enabled=&#8221;0&#8243;][\/et_pb_button][\/et_pb_column][et_pb_column type=&#8221;1_3&#8243; _builder_version=&#8221;4.17.1&#8243; _module_preset=&#8221;default&#8221; background_color=&#8221;#9ecc22&#8243; global_colors_info=&#8221;{}&#8221;][et_pb_button button_url=&#8221;https:\/\/dcr.com.pl\/en\/plastic-drums-plastic-drum-220l\/&#8221; button_text=&#8221;Plastic drums&#8221; button_alignment=&#8221;center&#8221; _builder_version=&#8221;4.17.6&#8243; _module_preset=&#8221;default&#8221; custom_button=&#8221;on&#8221; button_text_color=&#8221;#FFFFFF&#8221; button_bg_color=&#8221;#9ECC22&#8243; button_border_width=&#8221;0px&#8221; custom_padding=&#8221;3%|9%|3%|9%|true|true&#8221; hover_enabled=&#8221;0&#8243; global_colors_info=&#8221;{}&#8221; sticky_enabled=&#8221;0&#8243;][\/et_pb_button][\/et_pb_column][et_pb_column type=&#8221;1_3&#8243; _builder_version=&#8221;4.17.1&#8243; _module_preset=&#8221;default&#8221; background_color=&#8221;#9ecc22&#8243; global_colors_info=&#8221;{}&#8221;][et_pb_button button_url=&#8221;https:\/\/dcr.com.pl\/en\/recycled-hdpe-resin\/&#8221; button_text=&#8221;Recycled HDPE resins&#8221; button_alignment=&#8221;center&#8221; _builder_version=&#8221;4.17.6&#8243; _module_preset=&#8221;default&#8221; custom_button=&#8221;on&#8221; button_text_color=&#8221;#FFFFFF&#8221; button_bg_color=&#8221;#9ECC22&#8243; button_border_width=&#8221;0px&#8221; custom_padding=&#8221;3%|9%|3%|9%|true|true&#8221; hover_enabled=&#8221;0&#8243; global_colors_info=&#8221;{}&#8221; sticky_enabled=&#8221;0&#8243;][\/et_pb_button][\/et_pb_column][\/et_pb_row][\/et_pb_section]<\/p>\n","protected":false},"excerpt":{"rendered":"<p>IBC pallet containers &nbsp; new and reconditionedThree types of IBCs on offer: reconditioned, rebottled, and newIBC containers &#8211; IBC (Intermediate Bulk Containers) are also called in Poland DPPL. Widely used as portable tanks for storing and transporting liquid substances in many industries.Due to their versatility and technical parameters, IBC containers are used in the chemical, [&hellip;]<\/p>\n","protected":false},"author":1,"featured_media":0,"parent":0,"menu_order":0,"comment_status":"closed","ping_status":"open","template":"","meta":{"_et_pb_use_builder":"on","_et_pb_old_content":"","_et_gb_content_width":"","_monsterinsights_skip_tracking":false,"_monsterinsights_sitenote_active":false,"_monsterinsights_sitenote_note":"","_monsterinsights_sitenote_category":0,"footnotes":""},"class_list":["post-3978","page","type-page","status-publish","hentry"],"yoast_head":"<!-- This site is optimized with the Yoast SEO plugin v27.4 - https:\/\/yoast.com\/product\/yoast-seo-wordpress\/ -->\n<title>IBC pallet containers - DCR<\/title>\n<meta name=\"description\" content=\"IBC pallet containers DCR\" \/>\n<meta name=\"robots\" content=\"index, follow, max-snippet:-1, max-image-preview:large, max-video-preview:-1\" \/>\n<link rel=\"canonical\" href=\"https:\/\/dcr.com.pl\/en\/ibc-pallet-containers\/\" \/>\n<meta property=\"og:locale\" content=\"en_US\" \/>\n<meta property=\"og:type\" content=\"article\" \/>\n<meta property=\"og:title\" content=\"IBC pallet containers - DCR\" \/>\n<meta property=\"og:description\" content=\"IBC pallet containers DCR\" \/>\n<meta property=\"og:url\" content=\"https:\/\/dcr.com.pl\/en\/ibc-pallet-containers\/\" \/>\n<meta property=\"og:site_name\" content=\"DCR\" \/>\n<meta property=\"article:modified_time\" content=\"2022-07-28T08:20:57+00:00\" \/>\n<meta property=\"og:image\" content=\"https:\/\/dcr.com.pl\/wp-content\/uploads\/2022\/07\/logo_DCR_CMYK.png\" \/>\n\t<meta property=\"og:image:width\" content=\"333\" \/>\n\t<meta property=\"og:image:height\" content=\"115\" \/>\n\t<meta property=\"og:image:type\" content=\"image\/png\" \/>\n<meta name=\"twitter:card\" content=\"summary_large_image\" \/>\n<meta name=\"twitter:label1\" content=\"Est. reading time\" \/>\n\t<meta name=\"twitter:data1\" content=\"7 minutes\" \/>\n<script type=\"application\/ld+json\" class=\"yoast-schema-graph\">{\"@context\":\"https:\\\/\\\/schema.org\",\"@graph\":[{\"@type\":\"WebPage\",\"@id\":\"https:\\\/\\\/dcr.com.pl\\\/en\\\/ibc-pallet-containers\\\/\",\"url\":\"https:\\\/\\\/dcr.com.pl\\\/en\\\/ibc-pallet-containers\\\/\",\"name\":\"IBC pallet containers - DCR\",\"isPartOf\":{\"@id\":\"https:\\\/\\\/dcr.com.pl\\\/en\\\/#website\"},\"datePublished\":\"2022-04-19T14:44:57+00:00\",\"dateModified\":\"2022-07-28T08:20:57+00:00\",\"description\":\"IBC pallet containers DCR\",\"breadcrumb\":{\"@id\":\"https:\\\/\\\/dcr.com.pl\\\/en\\\/ibc-pallet-containers\\\/#breadcrumb\"},\"inLanguage\":\"en-US\",\"potentialAction\":[{\"@type\":\"ReadAction\",\"target\":[\"https:\\\/\\\/dcr.com.pl\\\/en\\\/ibc-pallet-containers\\\/\"]}]},{\"@type\":\"BreadcrumbList\",\"@id\":\"https:\\\/\\\/dcr.com.pl\\\/en\\\/ibc-pallet-containers\\\/#breadcrumb\",\"itemListElement\":[{\"@type\":\"ListItem\",\"position\":1,\"name\":\"Home\",\"item\":\"https:\\\/\\\/dcr.com.pl\\\/en\\\/\"},{\"@type\":\"ListItem\",\"position\":2,\"name\":\"IBC pallet containers\"}]},{\"@type\":\"WebSite\",\"@id\":\"https:\\\/\\\/dcr.com.pl\\\/en\\\/#website\",\"url\":\"https:\\\/\\\/dcr.com.pl\\\/en\\\/\",\"name\":\"DCR S.A.\",\"description\":\"nowoczesny recykling\",\"publisher\":{\"@id\":\"https:\\\/\\\/dcr.com.pl\\\/en\\\/#organization\"},\"alternateName\":\"DCR\",\"potentialAction\":[{\"@type\":\"SearchAction\",\"target\":{\"@type\":\"EntryPoint\",\"urlTemplate\":\"https:\\\/\\\/dcr.com.pl\\\/en\\\/?s={search_term_string}\"},\"query-input\":{\"@type\":\"PropertyValueSpecification\",\"valueRequired\":true,\"valueName\":\"search_term_string\"}}],\"inLanguage\":\"en-US\"},{\"@type\":\"Organization\",\"@id\":\"https:\\\/\\\/dcr.com.pl\\\/en\\\/#organization\",\"name\":\"DCR S.A.\",\"alternateName\":\"DCR\",\"url\":\"https:\\\/\\\/dcr.com.pl\\\/en\\\/\",\"logo\":{\"@type\":\"ImageObject\",\"inLanguage\":\"en-US\",\"@id\":\"https:\\\/\\\/dcr.com.pl\\\/en\\\/#\\\/schema\\\/logo\\\/image\\\/\",\"url\":\"https:\\\/\\\/dcr.com.pl\\\/wp-content\\\/uploads\\\/2018\\\/01\\\/logo_DCR_CMYK_retina.png\",\"contentUrl\":\"https:\\\/\\\/dcr.com.pl\\\/wp-content\\\/uploads\\\/2018\\\/01\\\/logo_DCR_CMYK_retina.png\",\"width\":665,\"height\":230,\"caption\":\"DCR S.A.\"},\"image\":{\"@id\":\"https:\\\/\\\/dcr.com.pl\\\/en\\\/#\\\/schema\\\/logo\\\/image\\\/\"}}]}<\/script>\n<!-- \/ Yoast SEO plugin. -->","yoast_head_json":{"title":"IBC pallet containers - DCR","description":"IBC pallet containers DCR","robots":{"index":"index","follow":"follow","max-snippet":"max-snippet:-1","max-image-preview":"max-image-preview:large","max-video-preview":"max-video-preview:-1"},"canonical":"https:\/\/dcr.com.pl\/en\/ibc-pallet-containers\/","og_locale":"en_US","og_type":"article","og_title":"IBC pallet containers - DCR","og_description":"IBC pallet containers DCR","og_url":"https:\/\/dcr.com.pl\/en\/ibc-pallet-containers\/","og_site_name":"DCR","article_modified_time":"2022-07-28T08:20:57+00:00","og_image":[{"width":333,"height":115,"url":"https:\/\/dcr.com.pl\/wp-content\/uploads\/2022\/07\/logo_DCR_CMYK.png","type":"image\/png"}],"twitter_card":"summary_large_image","twitter_misc":{"Est. reading time":"7 minutes"},"schema":{"@context":"https:\/\/schema.org","@graph":[{"@type":"WebPage","@id":"https:\/\/dcr.com.pl\/en\/ibc-pallet-containers\/","url":"https:\/\/dcr.com.pl\/en\/ibc-pallet-containers\/","name":"IBC pallet containers - DCR","isPartOf":{"@id":"https:\/\/dcr.com.pl\/en\/#website"},"datePublished":"2022-04-19T14:44:57+00:00","dateModified":"2022-07-28T08:20:57+00:00","description":"IBC pallet containers DCR","breadcrumb":{"@id":"https:\/\/dcr.com.pl\/en\/ibc-pallet-containers\/#breadcrumb"},"inLanguage":"en-US","potentialAction":[{"@type":"ReadAction","target":["https:\/\/dcr.com.pl\/en\/ibc-pallet-containers\/"]}]},{"@type":"BreadcrumbList","@id":"https:\/\/dcr.com.pl\/en\/ibc-pallet-containers\/#breadcrumb","itemListElement":[{"@type":"ListItem","position":1,"name":"Home","item":"https:\/\/dcr.com.pl\/en\/"},{"@type":"ListItem","position":2,"name":"IBC pallet containers"}]},{"@type":"WebSite","@id":"https:\/\/dcr.com.pl\/en\/#website","url":"https:\/\/dcr.com.pl\/en\/","name":"DCR S.A.","description":"nowoczesny recykling","publisher":{"@id":"https:\/\/dcr.com.pl\/en\/#organization"},"alternateName":"DCR","potentialAction":[{"@type":"SearchAction","target":{"@type":"EntryPoint","urlTemplate":"https:\/\/dcr.com.pl\/en\/?s={search_term_string}"},"query-input":{"@type":"PropertyValueSpecification","valueRequired":true,"valueName":"search_term_string"}}],"inLanguage":"en-US"},{"@type":"Organization","@id":"https:\/\/dcr.com.pl\/en\/#organization","name":"DCR S.A.","alternateName":"DCR","url":"https:\/\/dcr.com.pl\/en\/","logo":{"@type":"ImageObject","inLanguage":"en-US","@id":"https:\/\/dcr.com.pl\/en\/#\/schema\/logo\/image\/","url":"https:\/\/dcr.com.pl\/wp-content\/uploads\/2018\/01\/logo_DCR_CMYK_retina.png","contentUrl":"https:\/\/dcr.com.pl\/wp-content\/uploads\/2018\/01\/logo_DCR_CMYK_retina.png","width":665,"height":230,"caption":"DCR S.A."},"image":{"@id":"https:\/\/dcr.com.pl\/en\/#\/schema\/logo\/image\/"}}]}},"_links":{"self":[{"href":"https:\/\/dcr.com.pl\/en\/wp-json\/wp\/v2\/pages\/3978","targetHints":{"allow":["GET"]}}],"collection":[{"href":"https:\/\/dcr.com.pl\/en\/wp-json\/wp\/v2\/pages"}],"about":[{"href":"https:\/\/dcr.com.pl\/en\/wp-json\/wp\/v2\/types\/page"}],"author":[{"embeddable":true,"href":"https:\/\/dcr.com.pl\/en\/wp-json\/wp\/v2\/users\/1"}],"replies":[{"embeddable":true,"href":"https:\/\/dcr.com.pl\/en\/wp-json\/wp\/v2\/comments?post=3978"}],"version-history":[{"count":7,"href":"https:\/\/dcr.com.pl\/en\/wp-json\/wp\/v2\/pages\/3978\/revisions"}],"predecessor-version":[{"id":4110,"href":"https:\/\/dcr.com.pl\/en\/wp-json\/wp\/v2\/pages\/3978\/revisions\/4110"}],"wp:attachment":[{"href":"https:\/\/dcr.com.pl\/en\/wp-json\/wp\/v2\/media?parent=3978"}],"curies":[{"name":"wp","href":"https:\/\/api.w.org\/{rel}","templated":true}]}}